{"id":4155,"date":"2021-12-24T17:47:02","date_gmt":"2021-12-24T17:47:02","guid":{"rendered":"https:\/\/live-death-penalty-worldwide.pantheonsite.io\/?page_id=4155"},"modified":"2021-12-24T17:53:51","modified_gmt":"2021-12-24T17:53:51","slug":"centre-de-ressources","status":"publish","type":"page","link":"https:\/\/dpw.lawschool.cornell.edu\/fr\/centre-de-ressources\/","title":{"rendered":"Centre de Ressources"},"content":{"rendered":"<blockquote><p>Bienvenue sur le Centre de Ressources pour les avocat\u00b7e\u00b7s des personnes passibles de la peine de mort. Sur cette page, vous trouverez des pr\u00e9sentations d&#8217;expert\u00b7e\u00b7s de renomm\u00e9e mondiale\u00a0 sur divers sujets relatifs \u00e0 la d\u00e9fense des personnes passibles de la peine de mort, ainsi que des documents utiles, des exemples de r\u00e9ussites et des questions fr\u00e9quemment pos\u00e9es. La grande majorit\u00e9 des contenus sont disponibles en anglais et en fran\u00e7ais et des sous-titres ainsi que des transcriptions sont disponibles pour les vid\u00e9os.<\/p>\n<p>Veuillez regarder notre vid\u00e9o d&#8217;introduction ci-dessous, pr\u00e9par\u00e9e par Delphine Lourtau, pour vous familiariser avec le Centre de Ressources.<\/p>\n<p><iframe loading=\"lazy\" id=\"kaltura_player\" title=\"Kaltura Player\" src=\"https:\/\/cdnapisec.kaltura.com\/p\/520801\/sp\/52080100\/embedIframeJs\/uiconf_id\/31230141\/partner_id\/520801?iframeembed=true&amp;playerId=kaltura_player&amp;entry_id=1_qqvqf3g2&amp;flashvars[streamerType]=auto&amp;flashvars[localizationCode]=en&amp;flashvars[leadWithHTML5]=true&amp;flashvars[sideBarContainer.plugin]=true&amp;flashvars[sideBarContainer.position]=left&amp;flashvars[sideBarContainer.clickToClose]=true&amp;flashvars[chapters.plugin]=true&amp;flashvars[chapters.layout]=vertical&amp;flashvars[chapters.thumbnailRotator]=false&amp;flashvars[streamSelector.plugin]=true&amp;flashvars[EmbedPlayer.SpinnerTarget]=videoHolder&amp;flashvars[dualScreen.plugin]=true&amp;flashvars[Kaltura.addCrossoriginToIframe]=true&amp;&amp;wid=1_spyqunil\" width=\"608\" height=\"402\" frameborder=\"0\" sandbox=\"allow-forms allow-same-origin allow-scripts allow-top-navigation allow-pointer-lock allow-popups allow-modals allow-orientation-lock allow-popups-to-escape-sandbox allow-presentation allow-top-navigation-by-user-activation\" allowfullscreen=\"allowfullscreen\"><\/iframe><\/p>\n<p><em>Des sous-titres sont disponibles sur la vid\u00e9o. Pour acc\u00e9dez au site en anglais, cliquez <a href=\"https:\/\/live-death-penalty-worldwide.pantheonsite.io\/\">ici<\/a>.\u00a0<\/em><\/p><\/blockquote>\n<p class=\"p4\">\n","protected":false},"excerpt":{"rendered":"<p>Bienvenue sur le Centre de Ressources pour les avocat\u00b7e\u00b7s des personnes passibles de la peine de mort. Sur cette page, vous trouverez des pr\u00e9sentations d&#8217;expert\u00b7e\u00b7s de renomm\u00e9e mondiale\u00a0 sur divers sujets relatifs \u00e0 la d\u00e9fense des personnes passibles de la peine de mort, ainsi que des documents utiles, des exemples de r\u00e9ussites et des questions [&hellip;]<\/p>\n","protected":false},"author":14,"featured_media":0,"parent":0,"menu_order":0,"comment_status":"closed","ping_status":"closed","template":"template-resource-hub.php","meta":{"_acf_changed":false,"om_disable_all_campaigns":false,"_monsterinsights_skip_tracking":false,"_monsterinsights_sitenote_active":false,"_monsterinsights_sitenote_note":"","_monsterinsights_sitenote_category":0,"footnotes":""},"class_list":["post-4155","page","type-page","status-publish","hentry"],"better_featured_image":null,"acf":[],"aioseo_notices":[],"_links":{"self":[{"href":"https:\/\/dpw.lawschool.cornell.edu\/fr\/wp-json\/wp\/v2\/pages\/4155","targetHints":{"allow":["GET"]}}],"collection":[{"href":"https:\/\/dpw.lawschool.cornell.edu\/fr\/wp-json\/wp\/v2\/pages"}],"about":[{"href":"https:\/\/dpw.lawschool.cornell.edu\/fr\/wp-json\/wp\/v2\/types\/page"}],"author":[{"embeddable":true,"href":"https:\/\/dpw.lawschool.cornell.edu\/fr\/wp-json\/wp\/v2\/users\/14"}],"replies":[{"embeddable":true,"href":"https:\/\/dpw.lawschool.cornell.edu\/fr\/wp-json\/wp\/v2\/comments?post=4155"}],"version-history":[{"count":7,"href":"https:\/\/dpw.lawschool.cornell.edu\/fr\/wp-json\/wp\/v2\/pages\/4155\/revisions"}],"predecessor-version":[{"id":4583,"href":"https:\/\/dpw.lawschool.cornell.edu\/fr\/wp-json\/wp\/v2\/pages\/4155\/revisions\/4583"}],"wp:attachment":[{"href":"https:\/\/dpw.lawschool.cornell.edu\/fr\/wp-json\/wp\/v2\/media?parent=4155"}],"curies":[{"name":"wp","href":"https:\/\/api.w.org\/{rel}","templated":true}]}}